{"id":26,"date":"2022-02-07T20:38:58","date_gmt":"2022-02-07T20:38:58","guid":{"rendered":"https:\/\/essencialkangen.com.br\/wfe\/?page_id=26"},"modified":"2025-11-18T18:55:56","modified_gmt":"2025-11-18T18:55:56","slug":"produtos","status":"publish","type":"page","link":"https:\/\/essencialkangen.com.br\/wfe\/produtos\/","title":{"rendered":"Conhe\u00e7a melhor a \u00c1gua Kangen."},"content":{"rendered":"\n<p class=\"has-text-align-center\"><\/p>\n\n\n\n<div class=\"wp-block-cover is-light\"><span aria-hidden=\"true\" class=\"wp-block-cover__background has-white-background-color has-background-dim-100 has-background-dim\"><\/span><div class=\"wp-block-cover__inner-container is-layout-constrained wp-block-cover-is-layout-constrained\">\n<p class=\"has-text-align-center has-large-font-size\"><strong>Conhe\u00e7a melhor a \u00c1gua Kangen.<\/strong><\/p>\n\n\n\n<p class=\"has-text-align-center has-medium-font-size\">Somos distribuidores autorizados. Atendemos a partir de Santa Rosa\/RS para todo o pa\u00eds.<\/p>\n\n\n\n<figure class=\"wp-block-embed is-type-video is-provider-youtube wp-block-embed-youtube wp-embed-aspect-16-9 wp-has-aspect-ratio\"><div class=\"wp-block-embed__wrapper\">\n<iframe loading=\"lazy\" title=\"\u00c1gua Kangen\" width=\"604\" height=\"340\" src=\"https:\/\/www.youtube.com\/embed\/uPQjaw_hiwg?feature=oembed\" frameborder=\"0\" allow=\"accelerometer; autoplay; clipboard-write; encrypted-media; gyroscope; picture-in-picture; web-share\" referrerpolicy=\"strict-origin-when-cross-origin\" allowfullscreen><\/iframe>\n<\/div><\/figure>\n<\/div><\/div>\n\n\n\n<div style=\"height:41px\" aria-hidden=\"true\" class=\"wp-block-spacer\"><\/div>\n\n\n\n<h2 class=\"wp-block-heading has-text-align-center\">Produtos Enagic &#8211; Fabricados no Jap\u00e3o<\/h2>\n\n\n\n<p class=\"has-text-align-center\">Mude sua \u00e1gua, mude sua vida!<\/p>\n\n\n<ul class=\"wp-block-latest-posts__list is-grid columns-3 wp-block-latest-posts\"><li><div class=\"wp-block-latest-posts__featured-image aligncenter\"><a href=\"https:\/\/essencialkangen.com.br\/wfe\/leveluk-k8\/\" aria-label=\"LEVELUK K8\"><img loading=\"lazy\" decoding=\"async\" width=\"296\" height=\"300\" src=\"https:\/\/essencialkangen.com.br\/wfe\/wp-content\/uploads\/2022\/04\/Leveluk8-2-296x300.png\" class=\"attachment-medium size-medium wp-post-image\" alt=\"\" style=\"\" srcset=\"https:\/\/essencialkangen.com.br\/wfe\/wp-content\/uploads\/2022\/04\/Leveluk8-2-296x300.png 296w, https:\/\/essencialkangen.com.br\/wfe\/wp-content\/uploads\/2022\/04\/Leveluk8-2.png 340w\" sizes=\"auto, (max-width: 296px) 100vw, 296px\" \/><\/a><\/div><a class=\"wp-block-latest-posts__post-title\" href=\"https:\/\/essencialkangen.com.br\/wfe\/leveluk-k8\/\">LEVELUK K8<\/a><\/li>\n<li><div class=\"wp-block-latest-posts__featured-image aligncenter\"><a href=\"https:\/\/essencialkangen.com.br\/wfe\/leveluk-sd501-platinum\/\" aria-label=\"LeveLuk SD501 Platinum\"><img loading=\"lazy\" decoding=\"async\" width=\"296\" height=\"300\" src=\"https:\/\/essencialkangen.com.br\/wfe\/wp-content\/uploads\/2022\/04\/Leveluk-sd-platinum-296x300.png\" class=\"attachment-medium size-medium wp-post-image\" alt=\"\" style=\"\" srcset=\"https:\/\/essencialkangen.com.br\/wfe\/wp-content\/uploads\/2022\/04\/Leveluk-sd-platinum-296x300.png 296w, https:\/\/essencialkangen.com.br\/wfe\/wp-content\/uploads\/2022\/04\/Leveluk-sd-platinum.png 340w\" sizes=\"auto, (max-width: 296px) 100vw, 296px\" \/><\/a><\/div><a class=\"wp-block-latest-posts__post-title\" href=\"https:\/\/essencialkangen.com.br\/wfe\/leveluk-sd501-platinum\/\">LeveLuk SD501 Platinum<\/a><\/li>\n<li><div class=\"wp-block-latest-posts__featured-image aligncenter\"><a href=\"https:\/\/essencialkangen.com.br\/wfe\/anespa-dx\/\" aria-label=\"Anespa DX\"><img loading=\"lazy\" decoding=\"async\" width=\"296\" height=\"300\" src=\"https:\/\/essencialkangen.com.br\/wfe\/wp-content\/uploads\/2022\/04\/anespa2-296x300.png\" class=\"attachment-medium size-medium wp-post-image\" alt=\"\" style=\"\" srcset=\"https:\/\/essencialkangen.com.br\/wfe\/wp-content\/uploads\/2022\/04\/anespa2-296x300.png 296w, https:\/\/essencialkangen.com.br\/wfe\/wp-content\/uploads\/2022\/04\/anespa2.png 340w\" sizes=\"auto, (max-width: 296px) 100vw, 296px\" \/><\/a><\/div><a class=\"wp-block-latest-posts__post-title\" href=\"https:\/\/essencialkangen.com.br\/wfe\/anespa-dx\/\">Anespa DX<\/a><\/li>\n<\/ul>\n\n\n<figure class=\"wp-block-gallery has-nested-images columns-4 is-cropped wp-block-gallery-1 is-layout-flex wp-block-gallery-is-layout-flex\">\n<figure class=\"wp-block-image size-large\"><img loading=\"lazy\" decoding=\"async\" width=\"284\" height=\"288\" data-id=\"149\" src=\"http:\/\/essencialkangen.com.br\/wfe\/wp-content\/uploads\/2022\/03\/6-e1646138937204.png\" alt=\"\" class=\"wp-image-149\"\/><\/figure>\n\n\n\n<figure class=\"wp-block-image size-large\"><img loading=\"lazy\" decoding=\"async\" width=\"295\" height=\"297\" data-id=\"148\" src=\"http:\/\/essencialkangen.com.br\/wfe\/wp-content\/uploads\/2022\/03\/5-e1646138958735.png\" alt=\"\" class=\"wp-image-148\" srcset=\"https:\/\/essencialkangen.com.br\/wfe\/wp-content\/uploads\/2022\/03\/5-e1646138958735.png 295w, https:\/\/essencialkangen.com.br\/wfe\/wp-content\/uploads\/2022\/03\/5-e1646138958735-150x150.png 150w\" sizes=\"auto, (max-width: 295px) 100vw, 295px\" \/><\/figure>\n\n\n\n<figure class=\"wp-block-image size-large\"><img loading=\"lazy\" decoding=\"async\" width=\"286\" height=\"283\" data-id=\"147\" src=\"http:\/\/essencialkangen.com.br\/wfe\/wp-content\/uploads\/2022\/03\/4-e1646138977941.png\" alt=\"\" class=\"wp-image-147\"\/><\/figure>\n\n\n\n<figure class=\"wp-block-image size-large\"><img loading=\"lazy\" decoding=\"async\" width=\"292\" height=\"283\" data-id=\"144\" src=\"http:\/\/essencialkangen.com.br\/wfe\/wp-content\/uploads\/2022\/03\/1-e1646139049973.png\" alt=\"\" class=\"wp-image-144\"\/><\/figure>\n<\/figure>\n\n\n\n<h3 class=\"wp-block-heading has-text-align-center\"><a href=\"https:\/\/essencialkangen.com.br\/wfe\/certificacoes\/\" data-type=\"URL\" data-id=\"https:\/\/essencialkangen.com.br\/wfe\/certificacoes\/\">Saiba mais sobre nossas prestigiadas certifica\u00e7\u00f5es<\/a><\/h3>\n","protected":false},"excerpt":{"rendered":"<p>Produtos Enagic &#8211; Fabricados no Jap\u00e3o Mude sua \u00e1gua, mude sua vida! Saiba mais sobre nossas prestigiadas certifica\u00e7\u00f5es<\/p>\n<a class=\"moretag noptoppad\" href=\"https:\/\/essencialkangen.com.br\/wfe\/produtos\/\">Read More...<\/a>","protected":false},"author":1,"featured_media":0,"parent":0,"menu_order":0,"comment_status":"closed","ping_status":"closed","template":"","meta":{"_eb_attr":"","footnotes":""},"class_list":["post-26","page","type-page","status-publish","hentry"],"_links":{"self":[{"href":"https:\/\/essencialkangen.com.br\/wfe\/wp-json\/wp\/v2\/pages\/26","targetHints":{"allow":["GET"]}}],"collection":[{"href":"https:\/\/essencialkangen.com.br\/wfe\/wp-json\/wp\/v2\/pages"}],"about":[{"href":"https:\/\/essencialkangen.com.br\/wfe\/wp-json\/wp\/v2\/types\/page"}],"author":[{"embeddable":true,"href":"https:\/\/essencialkangen.com.br\/wfe\/wp-json\/wp\/v2\/users\/1"}],"replies":[{"embeddable":true,"href":"https:\/\/essencialkangen.com.br\/wfe\/wp-json\/wp\/v2\/comments?post=26"}],"version-history":[{"count":28,"href":"https:\/\/essencialkangen.com.br\/wfe\/wp-json\/wp\/v2\/pages\/26\/revisions"}],"predecessor-version":[{"id":1337,"href":"https:\/\/essencialkangen.com.br\/wfe\/wp-json\/wp\/v2\/pages\/26\/revisions\/1337"}],"wp:attachment":[{"href":"https:\/\/essencialkangen.com.br\/wfe\/wp-json\/wp\/v2\/media?parent=26"}],"curies":[{"name":"wp","href":"https:\/\/api.w.org\/{rel}","templated":true}]}}