{"id":382,"date":"2022-04-08T20:29:47","date_gmt":"2022-04-08T20:29:47","guid":{"rendered":"https:\/\/essencialkangen.com.br\/wfe\/?page_id=382"},"modified":"2024-05-03T11:52:17","modified_gmt":"2024-05-03T11:52:17","slug":"duvidas","status":"publish","type":"page","link":"https:\/\/essencialkangen.com.br\/wfe\/duvidas\/","title":{"rendered":"PERGUNTAS FREQUENTES"},"content":{"rendered":"\n<div class=\"wp-block-essential-blocks-accordion\"><div class=\"eb-parent-wrapper eb-parent-eb-accordion-9qggl \"><div class=\"eb-accordion-container eb-accordion-9qggl\" data-accordion-type=\"accordion\" data-tab-icon=\"fas fa-angle-right\" data-expanded-icon=\"fas fa-angle-down\" data-transition-duration=\"500\"><div class=\"eb-accordion-inner\">\n<div class=\"eb-accordion-item-nea0z eb-accordion-wrapper\" data-clickable=\"false\"><div class=\"eb-accordion-title-wrapper\" tabindex=\"0\"><span class=\"eb-accordion-icon-wrapper\"><span class=\"fas fa-angle-right eb-accordion-icon\"><\/span><\/span><div class=\"eb-accordion-title-content-wrap\"><h3 class=\"eb-accordion-title\">Trata-se de um filtro?<\/h3><\/div><\/div><div class=\"eb-accordion-content-wrapper\"><div class=\"eb-accordion-content\">\n<p>N\u00e3o. Trata-se de um \u201cseparador de \u00e1gua\u201d. A \u00e1gua da torneira entra no equipamento Enagic, que est\u00e1 ligado na energia el\u00e9trica tamb\u00e9m e essa \u00e1gua ser\u00e1 filtrada em um elemento filtrante de excepcional qualidade e com selo de ouro pela WQA (World Quality Association). A partir da\u00ed ela passa por uma eletr\u00f3lise, onde ser\u00e1 separado a parte positiva pela mangueira inferior (que ser\u00e1 descartada no ralo) da parte negativa da \u00e1gua que sai na parte superior do equipamento, e que \u00e9 a \u00c1gua Kangen.<\/p>\n\n\n\n<p>Depende o dia, mas entre 30% e 50%&nbsp; da \u00e1gua que entra na m\u00e1quina \u00e9 descartada. Pode apenas ser utilizada para lavar cal\u00e7adas, utilizar nos vasos sanit\u00e1rios ou m\u00e1quina de lavar roupa. N\u00e3o serve para ser utilizada por seres vivos.<\/p>\n<\/div><\/div><\/div>\n\n\n\n<div class=\"eb-accordion-item-p2hd1 eb-accordion-wrapper\" data-clickable=\"false\"><div class=\"eb-accordion-title-wrapper\" tabindex=\"0\"><span class=\"eb-accordion-icon-wrapper\"><span class=\"fas fa-angle-right eb-accordion-icon\"><\/span><\/span><div class=\"eb-accordion-title-content-wrap\"><h3 class=\"eb-accordion-title\">O que \u00e9 ent\u00e3o a \u00c1gua Kangen?<\/h3><\/div><\/div><div class=\"eb-accordion-content-wrapper\"><div class=\"eb-accordion-content\">\n<p>\u00c9 uma \u00e1gua com caracter\u00edsticas \u00fanicas, produzida atrav\u00e9s da eletr\u00f3lise feito por um equipamento Enagic. A partir da \u00e1gua da torneira da nossa casa, podemos obter uma \u00e1gua com pureza absoluta, com pH elevado por extra\u00e7\u00e3o, uma \u00e1gua muito mais leve ou seja, com baix\u00edssima tens\u00e3o superficial e por causa disso nosso corpo a absorve muito melhor e muito mais r\u00e1pido, ela tamb\u00e9m tem um potencial de \u00f3xido redu\u00e7\u00e3o muito grande e isso significa dizer que essa \u00e1gua, a \u201c\u00c1gua Kangen\u201d \u00e9 o mais poderoso antioxidante conhecido. Excelente para nossa sa\u00fade e para nosso organismo.<\/p>\n<\/div><\/div><\/div>\n\n\n\n<div class=\"eb-accordion-item-65g6y eb-accordion-wrapper\" data-clickable=\"false\"><div class=\"eb-accordion-title-wrapper\" tabindex=\"0\"><span class=\"eb-accordion-icon-wrapper\"><span class=\"fas fa-angle-right eb-accordion-icon\"><\/span><\/span><div class=\"eb-accordion-title-content-wrap\"><h3 class=\"eb-accordion-title\">Onde \u00e9 fabricado esse equipamento? Tem garantia? E assist\u00eancia t\u00e9cnica?<\/h3><\/div><\/div><div class=\"eb-accordion-content-wrapper\"><div class=\"eb-accordion-content\">\n<p>Trata-se de um equipamento importado, fabricado no Jap\u00e3o e de l\u00e1 exportado para mais de uma centena de pa\u00edses. Ele possui 5 anos de garantia e estimativa de mais de 20 anos de vida \u00fatil. Toda a distribui\u00e7\u00e3o, assist\u00eancia t\u00e9cnica e insumos partem de Sorocaba\/SP, onde fica a sede da pr\u00f3pria fabricante Enagic aqui no Brasil.<\/p>\n<\/div><\/div><\/div>\n\n\n\n<div class=\"eb-accordion-item-1whzh eb-accordion-wrapper\" data-clickable=\"false\"><div class=\"eb-accordion-title-wrapper\" tabindex=\"0\"><span class=\"eb-accordion-icon-wrapper\"><span class=\"fas fa-angle-right eb-accordion-icon\"><\/span><\/span><div class=\"eb-accordion-title-content-wrap\"><h3 class=\"eb-accordion-title\">\u00c9 f\u00e1cil de usar o equipamento?<\/h3><\/div><\/div><div class=\"eb-accordion-content-wrapper\"><div class=\"eb-accordion-content\">\n<p>Ele \u00e9 muito simples, \u00e9 muito f\u00e1cil de usar. Ele tem os comandos na tela e com poucos dias as pessoas da casa j\u00e1 est\u00e3o familiarizadas com todos os tipos de \u00e1gua e as mais de 100 aplica\u00e7\u00f5es poss\u00edveis para esses 5 pH\u2019s diferentes, produzidos pelos equipamentos Enagic.<\/p>\n<\/div><\/div><\/div>\n\n\n\n<div class=\"eb-accordion-item-qm9sf eb-accordion-wrapper\" data-clickable=\"false\"><div class=\"eb-accordion-title-wrapper\" tabindex=\"0\"><span class=\"eb-accordion-icon-wrapper\"><span class=\"fas fa-angle-right eb-accordion-icon\"><\/span><\/span><div class=\"eb-accordion-title-content-wrap\"><h3 class=\"eb-accordion-title\">O qual a manuten\u00e7\u00e3o do equipamento? O que preciso fazer para cuidar dele?<\/h3><\/div><\/div><div class=\"eb-accordion-content-wrapper\"><div class=\"eb-accordion-content\">\n<p>Existe uma limpeza de rotina que deve ser realizada a cada 30 dias, e esse procedimento dura de 3 a 5 horas com a m\u00e1quina em repouso. \u00c9 muito simples e o\u00a0 propriet\u00e1rio mesmo que realiza e se necess\u00e1rio contar\u00e1 com nosso apoio e orienta\u00e7\u00e3o em tempo integral, ali\u00e1s \u00e9 o que deixamos bem claro para nossos clientes e amigos: \u201c_Contem conosco a qualquer tempo.\u201d<\/p>\n<\/div><\/div><\/div>\n\n\n\n<div class=\"eb-accordion-item-tn8c1 eb-accordion-wrapper\" data-clickable=\"false\"><div class=\"eb-accordion-title-wrapper\" tabindex=\"0\"><span class=\"eb-accordion-icon-wrapper\"><span class=\"fas fa-angle-right eb-accordion-icon\"><\/span><\/span><div class=\"eb-accordion-title-content-wrap\"><h3 class=\"eb-accordion-title\">Precisa trocar algum filtro?<\/h3><\/div><\/div><div class=\"eb-accordion-content-wrapper\"><div class=\"eb-accordion-content\">\n<p>Sim, a cada 6.000 litros \u00e9 necess\u00e1rio substituir o elemento filtrante. Basta acessar o site da empresa, www.enagic.com.br e realizar a compra. Ser\u00e1 entregue em sua casa e estaremos sempre a disposi\u00e7\u00e3o para auxiliar nessa tarefa.<\/p>\n<\/div><\/div><\/div>\n<\/div><\/div><\/div><\/div>\n","protected":false},"excerpt":{"rendered":"<a class=\"moretag noptoppad\" href=\"https:\/\/essencialkangen.com.br\/wfe\/duvidas\/\">Read More...<\/a>","protected":false},"author":1,"featured_media":0,"parent":0,"menu_order":0,"comment_status":"closed","ping_status":"closed","template":"","meta":{"_eb_attr":"","footnotes":""},"class_list":["post-382","page","type-page","status-publish","hentry"],"_links":{"self":[{"href":"https:\/\/essencialkangen.com.br\/wfe\/wp-json\/wp\/v2\/pages\/382","targetHints":{"allow":["GET"]}}],"collection":[{"href":"https:\/\/essencialkangen.com.br\/wfe\/wp-json\/wp\/v2\/pages"}],"about":[{"href":"https:\/\/essencialkangen.com.br\/wfe\/wp-json\/wp\/v2\/types\/page"}],"author":[{"embeddable":true,"href":"https:\/\/essencialkangen.com.br\/wfe\/wp-json\/wp\/v2\/users\/1"}],"replies":[{"embeddable":true,"href":"https:\/\/essencialkangen.com.br\/wfe\/wp-json\/wp\/v2\/comments?post=382"}],"version-history":[{"count":10,"href":"https:\/\/essencialkangen.com.br\/wfe\/wp-json\/wp\/v2\/pages\/382\/revisions"}],"predecessor-version":[{"id":943,"href":"https:\/\/essencialkangen.com.br\/wfe\/wp-json\/wp\/v2\/pages\/382\/revisions\/943"}],"wp:attachment":[{"href":"https:\/\/essencialkangen.com.br\/wfe\/wp-json\/wp\/v2\/media?parent=382"}],"curies":[{"name":"wp","href":"https:\/\/api.w.org\/{rel}","templated":true}]}}